{"id":143,"date":"2021-02-10T19:28:21","date_gmt":"2021-02-10T19:28:21","guid":{"rendered":"https:\/\/rubiliocorado.com\/?page_id=143"},"modified":"2025-08-10T17:03:49","modified_gmt":"2025-08-10T17:03:49","slug":"bienvenidos","status":"publish","type":"page","link":"https:\/\/rubiliocorado.com\/","title":{"rendered":"Bienvenidos"},"content":{"rendered":"\n<figure class=\"wp-block-image size-large\"><a href=\"https:\/\/rubiliocorado.com\/wp-content\/uploads\/2025\/08\/Rubi2.png\"><img loading=\"lazy\" decoding=\"async\" width=\"1024\" height=\"576\" src=\"https:\/\/rubiliocorado.com\/wp-content\/uploads\/2025\/08\/Rubi2-1024x576.png\" alt=\"\" class=\"wp-image-281\" srcset=\"https:\/\/rubiliocorado.com\/wp-content\/uploads\/2025\/08\/Rubi2-1024x576.png 1024w, https:\/\/rubiliocorado.com\/wp-content\/uploads\/2025\/08\/Rubi2-300x169.png 300w, https:\/\/rubiliocorado.com\/wp-content\/uploads\/2025\/08\/Rubi2-768x432.png 768w, https:\/\/rubiliocorado.com\/wp-content\/uploads\/2025\/08\/Rubi2-1536x864.png 1536w, https:\/\/rubiliocorado.com\/wp-content\/uploads\/2025\/08\/Rubi2.png 1920w\" sizes=\"auto, (max-width: 1024px) 100vw, 1024px\" \/><\/a><\/figure>\n\n\n\n<p><strong>Rubilio Corado<\/strong> Comparte el mensaje de salvaci\u00f3n y vida eterna a recorrido varios pa\u00edses, llevando a la vez alegr\u00eda en escuelas colegios en \u00e1reas rurales<\/p>\n\n\n\n<div class=\"wp-block-columns is-layout-flex wp-container-core-columns-is-layout-28f84493 wp-block-columns-is-layout-flex\">\n<div class=\"wp-block-column is-layout-flow wp-block-column-is-layout-flow\">\n<figure class=\"wp-block-image size-full\"><a href=\"https:\/\/rubiliocorado.com\/wp-content\/uploads\/2025\/08\/en-jesus.png\"><img loading=\"lazy\" decoding=\"async\" width=\"1080\" height=\"1080\" src=\"https:\/\/rubiliocorado.com\/wp-content\/uploads\/2025\/08\/en-jesus.png\" alt=\"\" class=\"wp-image-294\" srcset=\"https:\/\/rubiliocorado.com\/wp-content\/uploads\/2025\/08\/en-jesus.png 1080w, https:\/\/rubiliocorado.com\/wp-content\/uploads\/2025\/08\/en-jesus-300x300.png 300w, https:\/\/rubiliocorado.com\/wp-content\/uploads\/2025\/08\/en-jesus-1024x1024.png 1024w, https:\/\/rubiliocorado.com\/wp-content\/uploads\/2025\/08\/en-jesus-150x150.png 150w, https:\/\/rubiliocorado.com\/wp-content\/uploads\/2025\/08\/en-jesus-768x768.png 768w, https:\/\/rubiliocorado.com\/wp-content\/uploads\/2025\/08\/en-jesus-500x500.png 500w, https:\/\/rubiliocorado.com\/wp-content\/uploads\/2025\/08\/en-jesus-400x400.png 400w\" sizes=\"auto, (max-width: 1080px) 100vw, 1080px\" \/><\/a><\/figure>\n<\/div>\n\n\n\n<div class=\"wp-block-column is-layout-flow wp-block-column-is-layout-flow\">\n<body><video controls=\"\" autoplay=\"\" name=\"media\"><source src=\"https:\/\/stream.playerlive.info:8111\/live.aac\" type=\"audio\/mpeg\"><\/video><\/body>\n\n\n\n<iframe src=\"https:\/\/tunein.com\/embed\/player\/s158122\/\" style=\"width:100%; height:100px;\" scrolling=\"no\" frameborder=\"no\"><\/iframe>\n<\/div>\n\n\n\n<div class=\"wp-block-column is-layout-flow wp-block-column-is-layout-flow\">\n<figure class=\"wp-block-image size-large\"><a href=\"https:\/\/rubiliocorado.com\/wp-content\/uploads\/2025\/08\/eded-2.png\"><img loading=\"lazy\" decoding=\"async\" width=\"1024\" height=\"1024\" src=\"https:\/\/rubiliocorado.com\/wp-content\/uploads\/2025\/08\/eded-2-1024x1024.png\" alt=\"\" class=\"wp-image-291\" srcset=\"https:\/\/rubiliocorado.com\/wp-content\/uploads\/2025\/08\/eded-2-1024x1024.png 1024w, https:\/\/rubiliocorado.com\/wp-content\/uploads\/2025\/08\/eded-2-300x300.png 300w, https:\/\/rubiliocorado.com\/wp-content\/uploads\/2025\/08\/eded-2-150x150.png 150w, https:\/\/rubiliocorado.com\/wp-content\/uploads\/2025\/08\/eded-2-768x768.png 768w, https:\/\/rubiliocorado.com\/wp-content\/uploads\/2025\/08\/eded-2-500x500.png 500w, https:\/\/rubiliocorado.com\/wp-content\/uploads\/2025\/08\/eded-2-400x400.png 400w, https:\/\/rubiliocorado.com\/wp-content\/uploads\/2025\/08\/eded-2.png 1080w\" sizes=\"auto, (max-width: 1024px) 100vw, 1024px\" \/><\/a><\/figure>\n<\/div>\n<\/div>\n\n\n\n\n\n<p>Radio Camino de santidad desde las cabezas Oratorio Guatemala con programacion variada llena de bendicion,le invitamos a escribirnos al Whatsapp (502)59253921 en Guatemala , En Estados Unidos 001(213)9484282 Evangelista Internacional Rubilio Corado , Direccion Iglesia de Cristo Camino de Santidad Los Angeles California 7500 Maie ave los angeles C.A. 90001<\/p>\n\n\n\n<h1 class=\"wp-block-heading has-text-align-left\"><em>Llamado<\/em><\/h1>\n\n\n\n<p><strong><em>As\u00ed Como Dios Llamo A David, d\u00e9 detr\u00e1s del Reba\u00f1o, Llamo&nbsp; a&nbsp; Eliseo de detr\u00e1s de la yunta de bueyes, Llamo a&nbsp; Saulo de Tarso&nbsp; Con Un llamado Especial As\u00ed Mismo Dios Llamo a El Hermano Rubilio Corado, &nbsp;A Su Servicio, Para Proclamar Las Buenas Nuevas de Salvaci\u00f3n, a las Naciones<\/em><\/strong>  <\/p>\n\n\n\n<h1 class=\"wp-block-heading has-text-align-left\"><em>Giras Evangelisticas<\/em><\/h1>\n\n\n\n<p><strong><em>Durante todo el a\u00f1o, El Evangelista Rubilio Corado, Realiza Una Serie de Giras Evangelisticas, En Centro Am\u00e9rica, En Especial, M\u00e9xico, Guatemala, Honduras, \u00c9l Salvador y otros Pa\u00edses del Istmo<\/em><\/strong><\/p>\n\n\n\n<h1 class=\"wp-block-heading has-text-align-left\"><em>Trabajo Ministerial<\/em><\/h1>\n\n\n\n<p><strong><em>En Cada Gira Realizada Por El Evangelista Rubilio Corado, Desarrolla a la Vez El Trabajo Ministerial En Los Pa\u00edses que Visita, Supervisando, Ordenando, Capacitando y Coordinando El Trabajo De Los Pastores<\/em><\/strong><\/p>\n\n\n\n<h1 class=\"wp-block-heading has-text-align-left\"><em>Proyecci\u00f3n Social<\/em><\/h1>\n\n\n\n<p><strong><em>Mat 25:35 Porque tuve hambre, y me disteis de comer; tuve sed, y me disteis de beber; fui forastero, y me recogisteis;<\/em><\/strong><\/p>\n\n\n\n<p><strong><em>Mat 25:36 estuve desnudo, y me cubristeis; enfermo, y me visitasteis; en la c\u00e1rcel, y vinisteis a m\u00ed., Como Una de las Proyecciones Sociales de Este Ministerio, Se Destaca La Actividad de llevar a Personas M\u00e1s Necesitadas, Ropa, Alimentos, Calzado al Mismo Tiempo Que se les Comparte La Palabra De Dios<\/em><\/strong><\/p>\n\n\n\n<h1 class=\"wp-block-heading has-text-align-left\"><em>&nbsp;&nbsp;&nbsp;&nbsp;&nbsp;&nbsp;&nbsp;&nbsp;&nbsp;&nbsp;&nbsp;&nbsp;&nbsp;&nbsp;&nbsp;&nbsp;&nbsp;&nbsp;&nbsp;&nbsp;&nbsp;&nbsp;&nbsp;&nbsp;&nbsp;&nbsp;&nbsp;&nbsp;&nbsp;&nbsp;&nbsp;&nbsp;&nbsp;&nbsp; Misi\u00f3n<\/em><\/h1>\n\n\n\n<p><strong><em>El Ministerio Del Evangelista Internacional Rubilio Corado, Tiene&nbsp; Como Misi\u00f3n El Anunciar Que Cristo Viene a La Tierra&nbsp; a Juzgar&nbsp; a Vivos Y muertos , Y que Solamente&nbsp; en Cristo Jes\u00fas Hay Salvaci\u00f3n Porque No Hay Otro Nombre&nbsp; Dado&nbsp; a Los Hombres En El Cual Podamos Ser Salvos<\/em><\/strong><\/p>\n\n\n\n<p><strong>Contacta al Evangelista <\/strong> <strong>+1 213-948-4282<\/strong><\/p>\n\n\n\n<iframe loading=\"lazy\" src=\"https:\/\/www.facebook.com\/plugins\/page.php?href=https%3A%2F%2Fwww.facebook.com%2FRubilio-Corado-Evangelista-Internacional-112027993820365&amp;tabs=timeline&amp;width=340&amp;height=500&amp;small_header=false&amp;adapt_container_width=true&amp;hide_cover=false&amp;show_facepile=true&amp;appId=340154643486002\" style=\"border:none;overflow:hidden\" scrolling=\"no\" allowfullscreen=\"true\" allow=\"autoplay; clipboard-write; encrypted-media; picture-in-picture; web-share\" width=\"340\" height=\"500\" frameborder=\"0\"><\/iframe>\n\n\n\n<iframe src=\"https:\/\/www.google.com\/maps\/embed?pb=!1m18!1m12!1m3!1d3308.7416138789113!2d-118.24615092428694!3d33.97348017318671!2m3!1f0!2f0!3f0!3m2!1i1024!2i768!4f13.1!3m3!1m2!1s0x80c2c90ef8624761%3A0x45e5fccb682017c0!2sIglesia%20de%20Cristo%20Camino%20de%20Santidad!5e0!3m2!1ses!2shn!4v1745086604656!5m2!1ses!2shn\" width=\"600\" height=\"450\" style=\"border:0;\" allowfullscreen=\"\" loading=\"lazy\" referrerpolicy=\"no-referrer-when-downgrade\"><\/iframe>\n","protected":false},"excerpt":{"rendered":"<p>Rubilio Corado Comparte el mensaje de salvaci\u00f3n y vida eterna a recorrido varios pa\u00edses, llevando a la vez alegr\u00eda en [&hellip;]<\/p>\n","protected":false},"author":2,"featured_media":0,"parent":0,"menu_order":0,"comment_status":"closed","ping_status":"closed","template":"","meta":{"site-sidebar-layout":"default","site-content-layout":"","ast-site-content-layout":"default","site-content-style":"default","site-sidebar-style":"default","ast-global-header-display":"","ast-banner-title-visibility":"","ast-main-header-display":"","ast-hfb-above-header-display":"","ast-hfb-below-header-display":"","ast-hfb-mobile-header-display":"","site-post-title":"","ast-breadcrumbs-content":"","ast-featured-img":"","footer-sml-layout":"","ast-disable-related-posts":"","theme-transparent-header-meta":"","adv-header-id-meta":"","stick-header-meta":"","header-above-stick-meta":"","header-main-stick-meta":"","header-below-stick-meta":"","astra-migrate-meta-layouts":"default","ast-page-background-enabled":"default","ast-page-background-meta":{"desktop":{"background-color":"var(--ast-global-color-5)","background-image":"","background-repeat":"repeat","background-position":"center center","background-size":"auto","background-attachment":"scroll","background-type":"","background-media":"","overlay-type":"","overlay-color":"","overlay-opacity":"","overlay-gradient":""},"tablet":{"background-color":"","background-image":"","background-repeat":"repeat","background-position":"center center","background-size":"auto","background-attachment":"scroll","background-type":"","background-media":"","overlay-type":"","overlay-color":"","overlay-opacity":"","overlay-gradient":""},"mobile":{"background-color":"","background-image":"","background-repeat":"repeat","background-position":"center center","background-size":"auto","background-attachment":"scroll","background-type":"","background-media":"","overlay-type":"","overlay-color":"","overlay-opacity":"","overlay-gradient":""}},"ast-content-background-meta":{"desktop":{"background-color":"var(--ast-global-color-4)","background-image":"","background-repeat":"repeat","background-position":"center center","background-size":"auto","background-attachment":"scroll","background-type":"","background-media":"","overlay-type":"","overlay-color":"","overlay-opacity":"","overlay-gradient":""},"tablet":{"background-color":"var(--ast-global-color-4)","background-image":"","background-repeat":"repeat","background-position":"center center","background-size":"auto","background-attachment":"scroll","background-type":"","background-media":"","overlay-type":"","overlay-color":"","overlay-opacity":"","overlay-gradient":""},"mobile":{"background-color":"var(--ast-global-color-4)","background-image":"","background-repeat":"repeat","background-position":"center center","background-size":"auto","background-attachment":"scroll","background-type":"","background-media":"","overlay-type":"","overlay-color":"","overlay-opacity":"","overlay-gradient":""}},"_joinchat":[],"footnotes":""},"class_list":["post-143","page","type-page","status-publish","hentry"],"_links":{"self":[{"href":"https:\/\/rubiliocorado.com\/index.php?rest_route=\/wp\/v2\/pages\/143","targetHints":{"allow":["GET"]}}],"collection":[{"href":"https:\/\/rubiliocorado.com\/index.php?rest_route=\/wp\/v2\/pages"}],"about":[{"href":"https:\/\/rubiliocorado.com\/index.php?rest_route=\/wp\/v2\/types\/page"}],"author":[{"embeddable":true,"href":"https:\/\/rubiliocorado.com\/index.php?rest_route=\/wp\/v2\/users\/2"}],"replies":[{"embeddable":true,"href":"https:\/\/rubiliocorado.com\/index.php?rest_route=%2Fwp%2Fv2%2Fcomments&post=143"}],"version-history":[{"count":49,"href":"https:\/\/rubiliocorado.com\/index.php?rest_route=\/wp\/v2\/pages\/143\/revisions"}],"predecessor-version":[{"id":301,"href":"https:\/\/rubiliocorado.com\/index.php?rest_route=\/wp\/v2\/pages\/143\/revisions\/301"}],"wp:attachment":[{"href":"https:\/\/rubiliocorado.com\/index.php?rest_route=%2Fwp%2Fv2%2Fmedia&parent=143"}],"curies":[{"name":"wp","href":"https:\/\/api.w.org\/{rel}","templated":true}]}}